{"id":1397,"date":"2021-08-25T12:04:33","date_gmt":"2021-08-25T12:04:33","guid":{"rendered":"https:\/\/urban-mining-index.de\/?page_id=1397"},"modified":"2021-08-25T12:29:15","modified_gmt":"2021-08-25T12:29:15","slug":"news","status":"publish","type":"page","link":"https:\/\/urban-mining-index.de\/en\/news\/","title":{"rendered":"News"},"content":{"rendered":"<p>[et_pb_section fb_built=&#8221;1&#8243; _builder_version=&#8221;4.6.6&#8243; _module_preset=&#8221;default&#8221;][et_pb_row column_structure=&#8221;1_5,3_5,1_5&#8243; _builder_version=&#8221;4.6.6&#8243; _module_preset=&#8221;default&#8221;][et_pb_column type=&#8221;1_5&#8243; _builder_version=&#8221;4.6.6&#8243; _module_preset=&#8221;default&#8221;][\/et_pb_column][et_pb_column type=&#8221;3_5&#8243; _builder_version=&#8221;4.6.6&#8243; _module_preset=&#8221;default&#8221;][et_pb_text admin_label=&#8221;H2&#8243; _builder_version=&#8221;4.7.2&#8243; _module_preset=&#8221;default&#8221; header_text_align=&#8221;center&#8221; header_2_text_align=&#8221;center&#8221;]<\/p>\n<h2>News<\/h2>\n<p>[\/et_pb_text][\/et_pb_column][et_pb_column type=&#8221;1_5&#8243; _builder_version=&#8221;4.6.6&#8243; _module_preset=&#8221;default&#8221;][\/et_pb_column][\/et_pb_row][et_pb_row column_structure=&#8221;1_3,1_3,1_3&#8243; _builder_version=&#8221;4.7.2&#8243; _module_preset=&#8221;default&#8221; custom_padding=&#8221;|3px||3px|false|false&#8221;][et_pb_column type=&#8221;1_3&#8243; _builder_version=&#8221;4.7.2&#8243; _module_preset=&#8221;default&#8221; custom_padding=&#8221;||70px||false|false&#8221; animation_style=&#8221;slide&#8221; animation_direction=&#8221;bottom&#8221; animation_intensity_slide=&#8221;5%&#8221;][et_pb_image src=&#8221;https:\/\/urban-mining-index.de\/wp-content\/uploads\/2021\/08\/211005_speaker-rosen-min.jpg&#8221; alt=&#8221;Anja Rosen \u2013 re!source annual Converence 2019&#8243; title_text=&#8221;211005_speaker-rosen-min&#8221; show_in_lightbox=&#8221;on&#8221; align=&#8221;center&#8221; _builder_version=&#8221;4.7.2&#8243; _module_preset=&#8221;default&#8221; custom_margin=&#8221;||40px||false|false&#8221; hover_enabled=&#8221;0&#8243; sticky_enabled=&#8221;0&#8243;][\/et_pb_image][et_pb_text admin_label=&#8221;Datum&#8221; _builder_version=&#8221;4.7.2&#8243; _module_preset=&#8221;default&#8221; text_font_size=&#8221;12px&#8221; custom_margin=&#8221;||0px||false|false&#8221;]<\/p>\n<p>5. October 2021<\/p>\n<p>[\/et_pb_text][et_pb_text admin_label=&#8221;Headline&#8221; _builder_version=&#8221;4.7.2&#8243; _module_preset=&#8221;default&#8221; header_3_text_color=&#8221;#a86c57&#8243; custom_margin=&#8221;||0px||false|false&#8221;]<\/p>\n<h3>4th re!source annual Conference<\/h3>\n<p>[\/et_pb_text][et_pb_text _builder_version=&#8221;4.7.2&#8243; _module_preset=&#8221;default&#8221;]<\/p>\n<p>We are pleased that the 4th annual conference of the re!source Stiftung e.V. can take place live in Berlin again this year. In a wide-ranging<a href=\"https:\/\/www.re-source.com\/konferenzen\/jahreskonferenz-2021\/\"> program<\/a> solutions for the resource turnaround in the construction industry will be presented and discussed. Dr. Anja Rosen will present the Urban Mining Index and provide insight into projects that have been evaluated and optimized using the planning tool for circular construction. You can <a href=\"https:\/\/www.eventbrite.de\/e\/4-jahreskonferenz-der-resource-stiftung-ev-tickets-166046153515\" target=\"_blank\" rel=\"noopener noreferrer\">r<\/a>egister <a href=\"https:\/\/www.eventbrite.de\/e\/4-jahreskonferenz-der-resource-stiftung-ev-tickets-166046153515\">here<\/a>.<\/p>\n<p>[\/et_pb_text][\/et_pb_column][et_pb_column type=&#8221;1_3&#8243; _builder_version=&#8221;4.7.2&#8243; _module_preset=&#8221;default&#8221; custom_padding=&#8221;||70px||false|false&#8221; animation_style=&#8221;slide&#8221; animation_direction=&#8221;bottom&#8221; animation_delay=&#8221;250ms&#8221; animation_intensity_slide=&#8221;5%&#8221;][et_pb_image src=&#8221;https:\/\/urban-mining-index.de\/wp-content\/uploads\/2021\/08\/Wuppertaler_Schwebebahn_Westende_2019-10-06_06_Leonhard-Lenz_-1-scaled.jpg&#8221; alt=&#8221;Wuppertal Suspension Railway, Photo: Leonhard Lenz&#8221; title_text=&#8221;Wuppertal Suspension Railway, Photo: Leonhard Lenz&#8221; show_in_lightbox=&#8221;on&#8221; align=&#8221;center&#8221; _builder_version=&#8221;4.7.2&#8243; _module_preset=&#8221;default&#8221; custom_margin=&#8221;||40px||false|false&#8221; hover_enabled=&#8221;0&#8243; sticky_enabled=&#8221;0&#8243;][\/et_pb_image][et_pb_text admin_label=&#8221;Datum&#8221; _builder_version=&#8221;4.7.2&#8243; _module_preset=&#8221;default&#8221; text_font_size=&#8221;12px&#8221; custom_margin=&#8221;||0px||false|false&#8221;]11. September 2021[\/et_pb_text][et_pb_text admin_label=&#8221;Headline&#8221; _builder_version=&#8221;4.7.2&#8243; _module_preset=&#8221;default&#8221; header_3_text_color=&#8221;#a86c57&#8243; custom_margin=&#8221;||0px||false|false&#8221;]<\/p>\n<h3>25th int. Passive House Conference<\/h3>\n<p>[\/et_pb_text][et_pb_text admin_label=&#8221;Text&#8221; _builder_version=&#8221;4.7.2&#8243; _module_preset=&#8221;default&#8221;]<\/p>\n<p>Passive Houses offer the best conditions for climate-neutral buildings, but are they also suitable for the Circular Economy? Dr. Anja Rosen will discuss this question with an international audience at the 25th Passive House Conference, which will be held in Wuppertal from September 10 to 14. In her presentation, she will present variant comparisons with the UMI for a realised Passive House. Click here for the <a href=\"https:\/\/passivhaustagung.de\/en\/\" target=\"_blank\" rel=\"noopener noreferrer\">program and registration<\/a>.<\/p>\n<p>[\/et_pb_text][\/et_pb_column][et_pb_column type=&#8221;1_3&#8243; _builder_version=&#8221;4.7.2&#8243; _module_preset=&#8221;default&#8221; custom_padding=&#8221;||70px||false|false&#8221; animation_style=&#8221;slide&#8221; animation_direction=&#8221;bottom&#8221; animation_delay=&#8221;250ms&#8221; animation_intensity_slide=&#8221;5%&#8221;][et_pb_image src=&#8221;https:\/\/urban-mining-index.de\/wp-content\/uploads\/2021\/08\/SC-Gewinner-Urban-Mining-Index.jpg&#8221; alt=&#8221;SC Winner \u2013 Urban Mining Index&#8221; title_text=&#8221;SC Winner \u2013 Urban Mining Index&#8221; show_in_lightbox=&#8221;on&#8221; align=&#8221;center&#8221; _builder_version=&#8221;4.7.2&#8243; _module_preset=&#8221;default&#8221; custom_margin=&#8221;||40px||false|false&#8221; hover_enabled=&#8221;0&#8243; sticky_enabled=&#8221;0&#8243;][\/et_pb_image][et_pb_text admin_label=&#8221;Datum&#8221; _builder_version=&#8221;4.7.2&#8243; _module_preset=&#8221;default&#8221; text_font_size=&#8221;12px&#8221; custom_margin=&#8221;||0px||false|false&#8221;]<\/p>\n<p>1. July 2021<\/p>\n<p>[\/et_pb_text][et_pb_text admin_label=&#8221;Headline&#8221; _builder_version=&#8221;4.7.2&#8243; _module_preset=&#8221;default&#8221; header_3_text_color=&#8221;#a86c57&#8243; custom_margin=&#8221;||0px||false|false&#8221;]<\/p>\n<h3>Won!<\/h3>\n<p>[\/et_pb_text][et_pb_text admin_label=&#8221;Text&#8221; _builder_version=&#8221;4.7.2&#8243; _module_preset=&#8221;default&#8221;]<\/p>\n<p>On July 1, 2021, the winners of this year&#8217;s DGNB Sustainability Challenge were announced at the Sustainability Day in Stuttgart. After three weeks of online voting, the Urban Mining Index won in the research category. Many thanks to all who cast their votes and crossed their fingers! For all those who could not be present at the event, here is a review to <a href=\"https:\/\/blog.dgnb.de\/rueckblick-dgnb-tag-der-nachhaltigkeit-2021\/\" target=\"_blank\" rel=\"noopener noreferrer\">look back<\/a>.<\/p>\n<p>[\/et_pb_text][\/et_pb_column][\/et_pb_row][\/et_pb_section]<\/p>\n","protected":false},"excerpt":{"rendered":"<p>News5. October 20214th re!source annual ConferenceWe are pleased that the 4th annual conference of the re!source Stiftung e.V. can take place live in Berlin again this year. In a wide-ranging program solutions for the resource turnaround in the construction industry will be presented and discussed. Dr. Anja Rosen will present the Urban Mining Index and [&hellip;]<\/p>\n","protected":false},"author":1,"featured_media":0,"parent":0,"menu_order":0,"comment_status":"closed","ping_status":"closed","template":"","meta":{"_et_pb_use_builder":"on","_et_pb_old_content":"<p>[et_pb_section fb_built=\"1\" _builder_version=\"4.6.6\" _module_preset=\"default\"][et_pb_row column_structure=\"1_5,3_5,1_5\" _builder_version=\"4.6.6\" _module_preset=\"default\"][et_pb_column type=\"1_5\" _builder_version=\"4.6.6\" _module_preset=\"default\"][\/et_pb_column][et_pb_column type=\"3_5\" _builder_version=\"4.6.6\" _module_preset=\"default\"][et_pb_text admin_label=\"H2\" _builder_version=\"4.7.2\" _module_preset=\"default\" header_text_align=\"center\" header_2_text_align=\"center\"]<\/p><h2>News<\/h2><p>[\/et_pb_text][\/et_pb_column][et_pb_column type=\"1_5\" _builder_version=\"4.6.6\" _module_preset=\"default\"][\/et_pb_column][\/et_pb_row][et_pb_row column_structure=\"1_3,1_3,1_3\" _builder_version=\"4.7.2\" _module_preset=\"default\" custom_padding=\"|3px||3px|false|false\"][et_pb_column type=\"1_3\" _builder_version=\"4.7.2\" _module_preset=\"default\" custom_padding=\"||70px||false|false\" animation_style=\"slide\" animation_direction=\"bottom\" animation_intensity_slide=\"5%\"][et_pb_image src=\"https:\/\/urban-mining-index.de\/wp-content\/uploads\/2021\/08\/resourcekonferenz2019-362-min.jpg\" alt=\"SC Gewinner \u2013 Urban Mining Index\" title_text=\"SC Gewinner \u2013 Urban Mining Index\" show_in_lightbox=\"on\" align=\"center\" _builder_version=\"4.7.2\" _module_preset=\"default\" custom_margin=\"||40px||false|false\" hover_enabled=\"0\" sticky_enabled=\"0\"][\/et_pb_image][et_pb_text admin_label=\"Datum\" _builder_version=\"4.7.2\" _module_preset=\"default\" text_font_size=\"12px\" custom_margin=\"||0px||false|false\"]<\/p><p>5. Oktober 2021<\/p><p>[\/et_pb_text][et_pb_text admin_label=\"Headline\" _builder_version=\"4.7.2\" _module_preset=\"default\" header_3_text_color=\"#a86c57\" custom_margin=\"||0px||false|false\"]<\/p><h3>4. re!source Jahreskonferenz<\/h3><p>[\/et_pb_text][et_pb_text _builder_version=\"4.7.2\" _module_preset=\"default\"]<\/p><p>Wir freuen uns, dass die 4. Jahreskonferenz der re!source Stiftung e.V. in diesem Jahr wieder live in Berlin stattfinden kann. In einem breit gef\u00e4cherten <a href=\"https:\/\/www.re-source.com\/konferenzen\/jahreskonferenz-2021\/\">Programm<\/a> werden L\u00f6sungen zur Ressourcenwende in der Bauwirtschaft pr\u00e4sentiert und diskutiert. Dr. Anja Rosen stellt den Urban Mining Index vor und gibt Einblick in Projekte, die mit dem Planungsinstrument f\u00fcr zirkul\u00e4res Bauen bewertet und optimiert wurden. Hier k\u00f6nnen Sie sich\u00a0<a href=\"https:\/\/www.eventbrite.de\/e\/4-jahreskonferenz-der-resource-stiftung-ev-tickets-166046153515\" target=\"_blank\" rel=\"noopener noreferrer\">anmelden<\/a>.<\/p><p>[\/et_pb_text][\/et_pb_column][et_pb_column type=\"1_3\" _builder_version=\"4.7.2\" _module_preset=\"default\" custom_padding=\"||70px||false|false\" animation_style=\"slide\" animation_direction=\"bottom\" animation_delay=\"250ms\" animation_intensity_slide=\"5%\"][et_pb_image src=\"https:\/\/urban-mining-index.de\/wp-content\/uploads\/2021\/08\/Wuppertaler_Schwebebahn_Westende_2019-10-06_06_Leonhard-Lenz_-1-scaled.jpg\" alt=\"SC Gewinner \u2013 Urban Mining Index\" title_text=\"SC Gewinner \u2013 Urban Mining Index\" show_in_lightbox=\"on\" align=\"center\" _builder_version=\"4.7.2\" _module_preset=\"default\" custom_margin=\"||40px||false|false\" hover_enabled=\"0\" sticky_enabled=\"0\"][\/et_pb_image][et_pb_text admin_label=\"Datum\" _builder_version=\"4.7.2\" _module_preset=\"default\" text_font_size=\"12px\" custom_margin=\"||0px||false|false\"]<\/p><p>11. September 2021<\/p><p>[\/et_pb_text][et_pb_text admin_label=\"Headline\" _builder_version=\"4.7.2\" _module_preset=\"default\" header_3_text_color=\"#a86c57\" custom_margin=\"||0px||false|false\"]<\/p><h3>25.internationale Passivhaustagung<\/h3><p>[\/et_pb_text][et_pb_text admin_label=\"Text\" _builder_version=\"4.7.2\" _module_preset=\"default\"]<\/p><p>Passivh\u00e4user bieten beste Voraussetzungen f\u00fcr klimaneutrale Geb\u00e4ude, aber sind sie auch geeignet f\u00fcr die Circular Economy? \u00dcber diese Frage diskutiert Dr. Anja Rosen mit einem internationalen Publikum auf der 25. Passivhaustagung, die vom 10. bis 14. September in Wuppertal stattfindet. In ihrem Vortrag stellt sie Variantenvergleiche mit dem UMI f\u00fcr ein realisiertes Passivhaus vor. Hier geht's zum <a href=\"https:\/\/passivhaustagung.de\/de\/\" target=\"_blank\" rel=\"noopener noreferrer\">Programm und zur Anmeldung<\/a>.<\/p><p>[\/et_pb_text][\/et_pb_column][et_pb_column type=\"1_3\" _builder_version=\"4.7.2\" _module_preset=\"default\" custom_padding=\"||70px||false|false\" animation_style=\"slide\" animation_direction=\"bottom\" animation_delay=\"250ms\" animation_intensity_slide=\"5%\"][et_pb_image src=\"https:\/\/urban-mining-index.de\/wp-content\/uploads\/2021\/08\/SC-Gewinner-Urban-Mining-Index.jpg\" alt=\"SC Gewinner \u2013 Urban Mining Index\" title_text=\"SC Gewinner \u2013 Urban Mining Index\" show_in_lightbox=\"on\" align=\"center\" _builder_version=\"4.7.2\" _module_preset=\"default\" custom_margin=\"||40px||false|false\" hover_enabled=\"0\" sticky_enabled=\"0\"][\/et_pb_image][et_pb_text admin_label=\"Datum\" _builder_version=\"4.7.2\" _module_preset=\"default\" text_font_size=\"12px\" custom_margin=\"||0px||false|false\"]1. Juli 2021[\/et_pb_text][et_pb_text admin_label=\"Headline\" _builder_version=\"4.7.2\" _module_preset=\"default\" header_3_text_color=\"#a86c57\" custom_margin=\"||0px||false|false\"]<\/p><h3>Gewonnen!\u00a0<\/h3><p>[\/et_pb_text][et_pb_text admin_label=\"Text\" _builder_version=\"4.7.2\" _module_preset=\"default\"]<\/p><p>Am 1. Juli 2021 wurden auf dem Tag der Nachhaltigkeit in Stuttgart die Gewinner der diesj\u00e4hrigen DGNB Sustainability Challenge bekannt gegeben. In der Kategorie Forschung konnte sich nach einem dreiw\u00f6chigen Online Voting der Urban Mining Index durchsetzen. Vielen Dank an alle, die Ihre Stimme abgegeben und die Daumen gedr\u00fcckt haben! F\u00fcr alle, die bei dem Event nicht dabei sein konnten, folgt hier ein R\u00fcckblick zum <a href=\"https:\/\/blog.dgnb.de\/rueckblick-dgnb-tag-der-nachhaltigkeit-2021\/\" target=\"_blank\" rel=\"noopener noreferrer\">Nachschauen<\/a>.<\/p><p>[\/et_pb_text][\/et_pb_column][\/et_pb_row][\/et_pb_section]<\/p>","_et_gb_content_width":"","inline_featured_image":false,"footnotes":""},"class_list":["post-1397","page","type-page","status-publish","hentry"],"yoast_head":"<!-- This site is optimized with the Yoast SEO plugin v24.4 - https:\/\/yoast.com\/wordpress\/plugins\/seo\/ -->\n<title>News | Urban Mining Index<\/title>\n<meta name=\"description\" content=\"Der Urban Mining Index verfolgt das Ziel, Baustoffe in m\u00f6glichst geschlossenen Kreisl\u00e4ufen zu f\u00fchren.\" \/>\n<meta name=\"robots\" content=\"index, follow, max-snippet:-1, max-image-preview:large, max-video-preview:-1\" \/>\n<link rel=\"canonical\" href=\"https:\/\/urban-mining-index.de\/en\/news\/\" \/>\n<meta property=\"og:locale\" content=\"en_US\" \/>\n<meta property=\"og:type\" content=\"article\" \/>\n<meta property=\"og:title\" content=\"News | Urban Mining Index\" \/>\n<meta property=\"og:description\" content=\"Der Urban Mining Index verfolgt das Ziel, Baustoffe in m\u00f6glichst geschlossenen Kreisl\u00e4ufen zu f\u00fchren.\" \/>\n<meta property=\"og:url\" content=\"https:\/\/urban-mining-index.de\/en\/news\/\" \/>\n<meta property=\"og:site_name\" content=\"Urban Mining Index\" \/>\n<meta property=\"article:modified_time\" content=\"2021-08-25T12:29:15+00:00\" \/>\n<meta name=\"twitter:card\" content=\"summary_large_image\" \/>\n<meta name=\"twitter:label1\" content=\"Est. reading time\" \/>\n\t<meta name=\"twitter:data1\" content=\"4 minutes\" \/>\n<script type=\"application\/ld+json\" class=\"yoast-schema-graph\">{\"@context\":\"https:\/\/schema.org\",\"@graph\":[{\"@type\":\"WebPage\",\"@id\":\"https:\/\/urban-mining-index.de\/en\/news\/\",\"url\":\"https:\/\/urban-mining-index.de\/en\/news\/\",\"name\":\"News | Urban Mining Index\",\"isPartOf\":{\"@id\":\"https:\/\/urban-mining-index.de\/#website\"},\"datePublished\":\"2021-08-25T12:04:33+00:00\",\"dateModified\":\"2021-08-25T12:29:15+00:00\",\"description\":\"Der Urban Mining Index verfolgt das Ziel, Baustoffe in m\u00f6glichst geschlossenen Kreisl\u00e4ufen zu f\u00fchren.\",\"breadcrumb\":{\"@id\":\"https:\/\/urban-mining-index.de\/en\/news\/#breadcrumb\"},\"inLanguage\":\"en-US\",\"potentialAction\":[{\"@type\":\"ReadAction\",\"target\":[\"https:\/\/urban-mining-index.de\/en\/news\/\"]}]},{\"@type\":\"BreadcrumbList\",\"@id\":\"https:\/\/urban-mining-index.de\/en\/news\/#breadcrumb\",\"itemListElement\":[{\"@type\":\"ListItem\",\"position\":1,\"name\":\"Home\",\"item\":\"https:\/\/urban-mining-index.de\/en\/home\/\"},{\"@type\":\"ListItem\",\"position\":2,\"name\":\"News\"}]},{\"@type\":\"WebSite\",\"@id\":\"https:\/\/urban-mining-index.de\/#website\",\"url\":\"https:\/\/urban-mining-index.de\/\",\"name\":\"Urban Mining Index\",\"description\":\"\",\"publisher\":{\"@id\":\"https:\/\/urban-mining-index.de\/#organization\"},\"potentialAction\":[{\"@type\":\"SearchAction\",\"target\":{\"@type\":\"EntryPoint\",\"urlTemplate\":\"https:\/\/urban-mining-index.de\/?s={search_term_string}\"},\"query-input\":{\"@type\":\"PropertyValueSpecification\",\"valueRequired\":true,\"valueName\":\"search_term_string\"}}],\"inLanguage\":\"en-US\"},{\"@type\":\"Organization\",\"@id\":\"https:\/\/urban-mining-index.de\/#organization\",\"name\":\"Urban Mining Index\",\"url\":\"https:\/\/urban-mining-index.de\/\",\"logo\":{\"@type\":\"ImageObject\",\"inLanguage\":\"en-US\",\"@id\":\"https:\/\/urban-mining-index.de\/#\/schema\/logo\/image\/\",\"url\":\"https:\/\/urban-mining-index.de\/wp-content\/uploads\/2020\/10\/Urban-Mining-Index_Logo.png\",\"contentUrl\":\"https:\/\/urban-mining-index.de\/wp-content\/uploads\/2020\/10\/Urban-Mining-Index_Logo.png\",\"width\":2480,\"height\":1313,\"caption\":\"Urban Mining Index\"},\"image\":{\"@id\":\"https:\/\/urban-mining-index.de\/#\/schema\/logo\/image\/\"}}]}<\/script>\n<!-- \/ Yoast SEO plugin. -->","yoast_head_json":{"title":"News | Urban Mining Index","description":"Der Urban Mining Index verfolgt das Ziel, Baustoffe in m\u00f6glichst geschlossenen Kreisl\u00e4ufen zu f\u00fchren.","robots":{"index":"index","follow":"follow","max-snippet":"max-snippet:-1","max-image-preview":"max-image-preview:large","max-video-preview":"max-video-preview:-1"},"canonical":"https:\/\/urban-mining-index.de\/en\/news\/","og_locale":"en_US","og_type":"article","og_title":"News | Urban Mining Index","og_description":"Der Urban Mining Index verfolgt das Ziel, Baustoffe in m\u00f6glichst geschlossenen Kreisl\u00e4ufen zu f\u00fchren.","og_url":"https:\/\/urban-mining-index.de\/en\/news\/","og_site_name":"Urban Mining Index","article_modified_time":"2021-08-25T12:29:15+00:00","twitter_card":"summary_large_image","twitter_misc":{"Est. reading time":"4 minutes"},"schema":{"@context":"https:\/\/schema.org","@graph":[{"@type":"WebPage","@id":"https:\/\/urban-mining-index.de\/en\/news\/","url":"https:\/\/urban-mining-index.de\/en\/news\/","name":"News | Urban Mining Index","isPartOf":{"@id":"https:\/\/urban-mining-index.de\/#website"},"datePublished":"2021-08-25T12:04:33+00:00","dateModified":"2021-08-25T12:29:15+00:00","description":"Der Urban Mining Index verfolgt das Ziel, Baustoffe in m\u00f6glichst geschlossenen Kreisl\u00e4ufen zu f\u00fchren.","breadcrumb":{"@id":"https:\/\/urban-mining-index.de\/en\/news\/#breadcrumb"},"inLanguage":"en-US","potentialAction":[{"@type":"ReadAction","target":["https:\/\/urban-mining-index.de\/en\/news\/"]}]},{"@type":"BreadcrumbList","@id":"https:\/\/urban-mining-index.de\/en\/news\/#breadcrumb","itemListElement":[{"@type":"ListItem","position":1,"name":"Home","item":"https:\/\/urban-mining-index.de\/en\/home\/"},{"@type":"ListItem","position":2,"name":"News"}]},{"@type":"WebSite","@id":"https:\/\/urban-mining-index.de\/#website","url":"https:\/\/urban-mining-index.de\/","name":"Urban Mining Index","description":"","publisher":{"@id":"https:\/\/urban-mining-index.de\/#organization"},"potentialAction":[{"@type":"SearchAction","target":{"@type":"EntryPoint","urlTemplate":"https:\/\/urban-mining-index.de\/?s={search_term_string}"},"query-input":{"@type":"PropertyValueSpecification","valueRequired":true,"valueName":"search_term_string"}}],"inLanguage":"en-US"},{"@type":"Organization","@id":"https:\/\/urban-mining-index.de\/#organization","name":"Urban Mining Index","url":"https:\/\/urban-mining-index.de\/","logo":{"@type":"ImageObject","inLanguage":"en-US","@id":"https:\/\/urban-mining-index.de\/#\/schema\/logo\/image\/","url":"https:\/\/urban-mining-index.de\/wp-content\/uploads\/2020\/10\/Urban-Mining-Index_Logo.png","contentUrl":"https:\/\/urban-mining-index.de\/wp-content\/uploads\/2020\/10\/Urban-Mining-Index_Logo.png","width":2480,"height":1313,"caption":"Urban Mining Index"},"image":{"@id":"https:\/\/urban-mining-index.de\/#\/schema\/logo\/image\/"}}]}},"_links":{"self":[{"href":"https:\/\/urban-mining-index.de\/en\/wp-json\/wp\/v2\/pages\/1397","targetHints":{"allow":["GET"]}}],"collection":[{"href":"https:\/\/urban-mining-index.de\/en\/wp-json\/wp\/v2\/pages"}],"about":[{"href":"https:\/\/urban-mining-index.de\/en\/wp-json\/wp\/v2\/types\/page"}],"author":[{"embeddable":true,"href":"https:\/\/urban-mining-index.de\/en\/wp-json\/wp\/v2\/users\/1"}],"replies":[{"embeddable":true,"href":"https:\/\/urban-mining-index.de\/en\/wp-json\/wp\/v2\/comments?post=1397"}],"version-history":[{"count":12,"href":"https:\/\/urban-mining-index.de\/en\/wp-json\/wp\/v2\/pages\/1397\/revisions"}],"predecessor-version":[{"id":1444,"href":"https:\/\/urban-mining-index.de\/en\/wp-json\/wp\/v2\/pages\/1397\/revisions\/1444"}],"wp:attachment":[{"href":"https:\/\/urban-mining-index.de\/en\/wp-json\/wp\/v2\/media?parent=1397"}],"curies":[{"name":"wp","href":"https:\/\/api.w.org\/{rel}","templated":true}]}}