{"id":1014,"date":"2021-03-10T13:26:32","date_gmt":"2021-03-10T13:26:32","guid":{"rendered":"https:\/\/urban-mining-index.de\/?page_id=1014"},"modified":"2021-04-25T12:22:37","modified_gmt":"2021-04-25T12:22:37","slug":"contact","status":"publish","type":"page","link":"https:\/\/urban-mining-index.de\/en\/contact\/","title":{"rendered":"Contact"},"content":{"rendered":"<p>[et_pb_section fb_built=&#8221;1&#8243; _builder_version=&#8221;4.6.6&#8243; _module_preset=&#8221;default&#8221;][et_pb_row column_structure=&#8221;1_5,3_5,1_5&#8243; _builder_version=&#8221;4.6.6&#8243; _module_preset=&#8221;default&#8221; collapsed=&#8221;off&#8221;][et_pb_column type=&#8221;1_5&#8243; _builder_version=&#8221;4.6.6&#8243; _module_preset=&#8221;default&#8221;][\/et_pb_column][et_pb_column type=&#8221;3_5&#8243; _builder_version=&#8221;4.6.6&#8243; _module_preset=&#8221;default&#8221;][et_pb_divider show_divider=&#8221;off&#8221; _builder_version=&#8221;4.6.6&#8243; _module_preset=&#8221;default&#8221; height=&#8221;70px&#8221;][\/et_pb_divider][et_pb_text admin_label=&#8221;H2&#8243; _builder_version=&#8221;4.7.2&#8243; _module_preset=&#8221;default&#8221; header_text_align=&#8221;center&#8221; header_2_text_align=&#8221;center&#8221; hover_enabled=&#8221;0&#8243; sticky_enabled=&#8221;0&#8243;]<\/p>\n<h2>Contact<\/h2>\n<p>[\/et_pb_text][\/et_pb_column][et_pb_column type=&#8221;1_5&#8243; _builder_version=&#8221;4.6.6&#8243; _module_preset=&#8221;default&#8221;][\/et_pb_column][\/et_pb_row][et_pb_row column_structure=&#8221;1_5,3_5,1_5&#8243; _builder_version=&#8221;4.6.6&#8243; _module_preset=&#8221;default&#8221; collapsed=&#8221;off&#8221;][et_pb_column type=&#8221;1_5&#8243; _builder_version=&#8221;4.6.6&#8243; _module_preset=&#8221;default&#8221;][\/et_pb_column][et_pb_column type=&#8221;3_5&#8243; _builder_version=&#8221;4.6.6&#8243; _module_preset=&#8221;default&#8221;][et_pb_text _builder_version=&#8221;4.7.2&#8243; _module_preset=&#8221;default&#8221; text_font=&#8221;||on||||||&#8221; link_text_color=&#8221;#45738c&#8221; text_orientation=&#8221;center&#8221; hover_enabled=&#8221;0&#8243; sticky_enabled=&#8221;0&#8243;]<\/p>\n<p>Feel free to write to us here or send us an<br \/>eMail to info(at)urban-mining-index.de<\/p>\n<p>[\/et_pb_text][et_pb_divider show_divider=&#8221;off&#8221; _builder_version=&#8221;4.6.6&#8243; _module_preset=&#8221;default&#8221; height=&#8221;70px&#8221;][\/et_pb_divider][et_pb_contact_form email=&#8221;info@urban-mining-index.de&#8221; custom_message=&#8221;Name:||et_pb_line_break_holder||%%Name%%||et_pb_line_break_holder||||et_pb_line_break_holder||Institution:||et_pb_line_break_holder||%%Institution%%||et_pb_line_break_holder||||et_pb_line_break_holder||E-Mail:||et_pb_line_break_holder||%%E-Mail%%||et_pb_line_break_holder||||et_pb_line_break_holder||Nachricht:||et_pb_line_break_holder||%%Ihre_Nachricht%%||et_pb_line_break_holder||||et_pb_line_break_holder||||et_pb_line_break_holder||Diese Mail wurde vom Kontaktformular auf www.urban-mining-index.de\/kontakt versandt.&#8221; success_message=&#8221;Thank you for your message.&#8221; submit_button_text=&#8221; send message&#8221; _builder_version=&#8221;4.7.2&#8243; _module_preset=&#8221;default&#8221; form_field_background_color=&#8221;rgba(0,0,0,0)&#8221; form_field_text_color=&#8221;#000000&#8243; form_field_focus_background_color=&#8221;#ffffff&#8221; form_field_focus_text_color=&#8221;#a86c57&#8243; custom_button=&#8221;on&#8221; button_text_size=&#8221;14px&#8221; button_text_color=&#8221;#000000&#8243; button_border_width=&#8221;0.5px&#8221; button_border_radius=&#8221;0px&#8221; button_use_icon=&#8221;off&#8221; border_width_all=&#8221;0.5px&#8221;][et_pb_contact_field field_id=&#8221;Name&#8221; field_title=&#8221;Name *&#8221; fullwidth_field=&#8221;on&#8221; _builder_version=&#8221;4.6.6&#8243; button_text_size__hover_enabled=&#8221;off&#8221; button_one_text_size__hover_enabled=&#8221;off&#8221; button_two_text_size__hover_enabled=&#8221;off&#8221; button_text_color__hover_enabled=&#8221;off&#8221; button_one_text_color__hover_enabled=&#8221;off&#8221; button_two_text_color__hover_enabled=&#8221;off&#8221; button_border_width__hover_enabled=&#8221;off&#8221; button_one_border_width__hover_enabled=&#8221;off&#8221; button_two_border_width__hover_enabled=&#8221;off&#8221; button_border_color__hover_enabled=&#8221;off&#8221; button_one_border_color__hover_enabled=&#8221;off&#8221; button_two_border_color__hover_enabled=&#8221;off&#8221; button_border_radius__hover_enabled=&#8221;off&#8221; button_one_border_radius__hover_enabled=&#8221;off&#8221; button_two_border_radius__hover_enabled=&#8221;off&#8221; button_letter_spacing__hover_enabled=&#8221;off&#8221; button_one_letter_spacing__hover_enabled=&#8221;off&#8221; button_two_letter_spacing__hover_enabled=&#8221;off&#8221; button_bg_color__hover_enabled=&#8221;off&#8221; button_one_bg_color__hover_enabled=&#8221;off&#8221; button_two_bg_color__hover_enabled=&#8221;off&#8221;][\/et_pb_contact_field][et_pb_contact_field field_id=&#8221;Institution&#8221; field_title=&#8221;Institution&#8221; required_mark=&#8221;off&#8221; fullwidth_field=&#8221;on&#8221; _builder_version=&#8221;4.6.6&#8243; button_text_size__hover_enabled=&#8221;off&#8221; button_one_text_size__hover_enabled=&#8221;off&#8221; button_two_text_size__hover_enabled=&#8221;off&#8221; button_text_color__hover_enabled=&#8221;off&#8221; button_one_text_color__hover_enabled=&#8221;off&#8221; button_two_text_color__hover_enabled=&#8221;off&#8221; button_border_width__hover_enabled=&#8221;off&#8221; button_one_border_width__hover_enabled=&#8221;off&#8221; button_two_border_width__hover_enabled=&#8221;off&#8221; button_border_color__hover_enabled=&#8221;off&#8221; button_one_border_color__hover_enabled=&#8221;off&#8221; button_two_border_color__hover_enabled=&#8221;off&#8221; button_border_radius__hover_enabled=&#8221;off&#8221; button_one_border_radius__hover_enabled=&#8221;off&#8221; button_two_border_radius__hover_enabled=&#8221;off&#8221; button_letter_spacing__hover_enabled=&#8221;off&#8221; button_one_letter_spacing__hover_enabled=&#8221;off&#8221; button_two_letter_spacing__hover_enabled=&#8221;off&#8221; button_bg_color__hover_enabled=&#8221;off&#8221; button_one_bg_color__hover_enabled=&#8221;off&#8221; button_two_bg_color__hover_enabled=&#8221;off&#8221;][\/et_pb_contact_field][et_pb_contact_field field_id=&#8221;eMail&#8221; field_title=&#8221;eMail *&#8221; field_type=&#8221;email&#8221; fullwidth_field=&#8221;on&#8221; _builder_version=&#8221;4.7.2&#8243; button_text_size__hover_enabled=&#8221;off&#8221; button_one_text_size__hover_enabled=&#8221;off&#8221; button_two_text_size__hover_enabled=&#8221;off&#8221; button_text_color__hover_enabled=&#8221;off&#8221; button_one_text_color__hover_enabled=&#8221;off&#8221; button_two_text_color__hover_enabled=&#8221;off&#8221; button_border_width__hover_enabled=&#8221;off&#8221; button_one_border_width__hover_enabled=&#8221;off&#8221; button_two_border_width__hover_enabled=&#8221;off&#8221; button_border_color__hover_enabled=&#8221;off&#8221; button_one_border_color__hover_enabled=&#8221;off&#8221; button_two_border_color__hover_enabled=&#8221;off&#8221; button_border_radius__hover_enabled=&#8221;off&#8221; button_one_border_radius__hover_enabled=&#8221;off&#8221; button_two_border_radius__hover_enabled=&#8221;off&#8221; button_letter_spacing__hover_enabled=&#8221;off&#8221; button_one_letter_spacing__hover_enabled=&#8221;off&#8221; button_two_letter_spacing__hover_enabled=&#8221;off&#8221; button_bg_color__hover_enabled=&#8221;off&#8221; button_one_bg_color__hover_enabled=&#8221;off&#8221; button_two_bg_color__hover_enabled=&#8221;off&#8221;][\/et_pb_contact_field][et_pb_contact_field field_id=&#8221;your_message&#8221; field_title=&#8221;Message *&#8221; field_type=&#8221;text&#8221; fullwidth_field=&#8221;on&#8221; _builder_version=&#8221;4.7.2&#8243; button_text_size__hover_enabled=&#8221;off&#8221; button_one_text_size__hover_enabled=&#8221;off&#8221; button_two_text_size__hover_enabled=&#8221;off&#8221; button_text_color__hover_enabled=&#8221;off&#8221; button_one_text_color__hover_enabled=&#8221;off&#8221; button_two_text_color__hover_enabled=&#8221;off&#8221; button_border_width__hover_enabled=&#8221;off&#8221; button_one_border_width__hover_enabled=&#8221;off&#8221; button_two_border_width__hover_enabled=&#8221;off&#8221; button_border_color__hover_enabled=&#8221;off&#8221; button_one_border_color__hover_enabled=&#8221;off&#8221; button_two_border_color__hover_enabled=&#8221;off&#8221; button_border_radius__hover_enabled=&#8221;off&#8221; button_one_border_radius__hover_enabled=&#8221;off&#8221; button_two_border_radius__hover_enabled=&#8221;off&#8221; button_letter_spacing__hover_enabled=&#8221;off&#8221; button_one_letter_spacing__hover_enabled=&#8221;off&#8221; button_two_letter_spacing__hover_enabled=&#8221;off&#8221; button_bg_color__hover_enabled=&#8221;off&#8221; button_one_bg_color__hover_enabled=&#8221;off&#8221; button_two_bg_color__hover_enabled=&#8221;off&#8221;][\/et_pb_contact_field][\/et_pb_contact_form][\/et_pb_column][et_pb_column type=&#8221;1_5&#8243; _builder_version=&#8221;4.6.6&#8243; _module_preset=&#8221;default&#8221;][\/et_pb_column][\/et_pb_row][\/et_pb_section]<\/p>\n","protected":false},"excerpt":{"rendered":"<p>ContactFeel free to write to us here or send us aneMail to info(at)urban-mining-index.de<\/p>\n","protected":false},"author":1,"featured_media":0,"parent":0,"menu_order":0,"comment_status":"closed","ping_status":"closed","template":"","meta":{"_et_pb_use_builder":"on","_et_pb_old_content":"[et_pb_section fb_built=\"1\" _builder_version=\"4.6.6\" _module_preset=\"default\"][et_pb_row column_structure=\"1_5,3_5,1_5\" _builder_version=\"4.6.6\" _module_preset=\"default\"][et_pb_column type=\"1_5\" _builder_version=\"4.6.6\" _module_preset=\"default\"][\/et_pb_column][et_pb_column type=\"3_5\" _builder_version=\"4.6.6\" _module_preset=\"default\"][et_pb_divider show_divider=\"off\" _builder_version=\"4.6.6\" _module_preset=\"default\" height=\"70px\"][\/et_pb_divider][et_pb_text admin_label=\"H2\" _builder_version=\"4.6.6\" _module_preset=\"default\" header_text_align=\"center\" header_2_text_align=\"center\"]<h2>Kontakt<\/h2>[\/et_pb_text][\/et_pb_column][et_pb_column type=\"1_5\" _builder_version=\"4.6.6\" _module_preset=\"default\"][\/et_pb_column][\/et_pb_row][et_pb_row column_structure=\"1_5,3_5,1_5\" _builder_version=\"4.6.6\" _module_preset=\"default\"][et_pb_column type=\"1_5\" _builder_version=\"4.6.6\" _module_preset=\"default\"][\/et_pb_column][et_pb_column type=\"3_5\" _builder_version=\"4.6.6\" _module_preset=\"default\"][et_pb_text _builder_version=\"4.6.6\" _module_preset=\"default\" text_font=\"||on||||||\" link_text_color=\"#45738c\" text_orientation=\"center\" hover_enabled=\"0\" sticky_enabled=\"0\"]<p>Schreiben Sie uns gerne hier oder senden Sie uns eine<br \/>E-Mail an info(at)urban-mining-index.de<\/p>\r\n[\/et_pb_text][et_pb_divider show_divider=\"off\" _builder_version=\"4.6.6\" _module_preset=\"default\" height=\"70px\"][\/et_pb_divider][et_pb_contact_form email=\"info@urban-mining-index.de\" custom_message=\"Name:||et_pb_line_break_holder||%%Name%%||et_pb_line_break_holder||||et_pb_line_break_holder||Institution:||et_pb_line_break_holder||%%Institution%%||et_pb_line_break_holder||||et_pb_line_break_holder||E-Mail:||et_pb_line_break_holder||%%E-Mail%%||et_pb_line_break_holder||||et_pb_line_break_holder||Nachricht:||et_pb_line_break_holder||%%Ihre_Nachricht%%||et_pb_line_break_holder||||et_pb_line_break_holder||||et_pb_line_break_holder||Diese Mail wurde vom Kontaktformular auf www.urban-mining-index.de\/kontakt versandt.\" success_message=\"Vielen Dank f\u00fcr Ihre Nachricht.\" submit_button_text=\"Nachricht senden\" _builder_version=\"4.6.6\" _module_preset=\"default\" form_field_background_color=\"rgba(0,0,0,0)\" form_field_text_color=\"#000000\" form_field_focus_background_color=\"#ffffff\" form_field_focus_text_color=\"#a86c57\" custom_button=\"on\" button_text_size=\"14px\" button_text_color=\"#000000\" button_border_width=\"0.5px\" button_border_radius=\"0px\" button_use_icon=\"off\" border_width_all=\"0.5px\"][et_pb_contact_field field_id=\"Name\" field_title=\"Name *\" fullwidth_field=\"on\" _builder_version=\"4.6.6\" button_text_size__hover_enabled=\"off\" button_one_text_size__hover_enabled=\"off\" button_two_text_size__hover_enabled=\"off\" button_text_color__hover_enabled=\"off\" button_one_text_color__hover_enabled=\"off\" button_two_text_color__hover_enabled=\"off\" button_border_width__hover_enabled=\"off\" button_one_border_width__hover_enabled=\"off\" button_two_border_width__hover_enabled=\"off\" button_border_color__hover_enabled=\"off\" button_one_border_color__hover_enabled=\"off\" button_two_border_color__hover_enabled=\"off\" button_border_radius__hover_enabled=\"off\" button_one_border_radius__hover_enabled=\"off\" button_two_border_radius__hover_enabled=\"off\" button_letter_spacing__hover_enabled=\"off\" button_one_letter_spacing__hover_enabled=\"off\" button_two_letter_spacing__hover_enabled=\"off\" button_bg_color__hover_enabled=\"off\" button_one_bg_color__hover_enabled=\"off\" button_two_bg_color__hover_enabled=\"off\"][\/et_pb_contact_field][et_pb_contact_field field_id=\"Institution\" field_title=\"Institution\" required_mark=\"off\" fullwidth_field=\"on\" _builder_version=\"4.6.6\" button_text_size__hover_enabled=\"off\" button_one_text_size__hover_enabled=\"off\" button_two_text_size__hover_enabled=\"off\" button_text_color__hover_enabled=\"off\" button_one_text_color__hover_enabled=\"off\" button_two_text_color__hover_enabled=\"off\" button_border_width__hover_enabled=\"off\" button_one_border_width__hover_enabled=\"off\" button_two_border_width__hover_enabled=\"off\" button_border_color__hover_enabled=\"off\" button_one_border_color__hover_enabled=\"off\" button_two_border_color__hover_enabled=\"off\" button_border_radius__hover_enabled=\"off\" button_one_border_radius__hover_enabled=\"off\" button_two_border_radius__hover_enabled=\"off\" button_letter_spacing__hover_enabled=\"off\" button_one_letter_spacing__hover_enabled=\"off\" button_two_letter_spacing__hover_enabled=\"off\" button_bg_color__hover_enabled=\"off\" button_one_bg_color__hover_enabled=\"off\" button_two_bg_color__hover_enabled=\"off\"][\/et_pb_contact_field][et_pb_contact_field field_id=\"E-Mail\" field_title=\"E-Mail *\" field_type=\"email\" fullwidth_field=\"on\" _builder_version=\"4.6.6\" button_text_size__hover_enabled=\"off\" button_one_text_size__hover_enabled=\"off\" button_two_text_size__hover_enabled=\"off\" button_text_color__hover_enabled=\"off\" button_one_text_color__hover_enabled=\"off\" button_two_text_color__hover_enabled=\"off\" button_border_width__hover_enabled=\"off\" button_one_border_width__hover_enabled=\"off\" button_two_border_width__hover_enabled=\"off\" button_border_color__hover_enabled=\"off\" button_one_border_color__hover_enabled=\"off\" button_two_border_color__hover_enabled=\"off\" button_border_radius__hover_enabled=\"off\" button_one_border_radius__hover_enabled=\"off\" button_two_border_radius__hover_enabled=\"off\" button_letter_spacing__hover_enabled=\"off\" button_one_letter_spacing__hover_enabled=\"off\" button_two_letter_spacing__hover_enabled=\"off\" button_bg_color__hover_enabled=\"off\" button_one_bg_color__hover_enabled=\"off\" button_two_bg_color__hover_enabled=\"off\"][\/et_pb_contact_field][et_pb_contact_field field_id=\"Ihre_Nachricht\" field_title=\"Nachricht *\" field_type=\"text\" fullwidth_field=\"on\" _builder_version=\"4.6.6\" button_text_size__hover_enabled=\"off\" button_one_text_size__hover_enabled=\"off\" button_two_text_size__hover_enabled=\"off\" button_text_color__hover_enabled=\"off\" button_one_text_color__hover_enabled=\"off\" button_two_text_color__hover_enabled=\"off\" button_border_width__hover_enabled=\"off\" button_one_border_width__hover_enabled=\"off\" button_two_border_width__hover_enabled=\"off\" button_border_color__hover_enabled=\"off\" button_one_border_color__hover_enabled=\"off\" button_two_border_color__hover_enabled=\"off\" button_border_radius__hover_enabled=\"off\" button_one_border_radius__hover_enabled=\"off\" button_two_border_radius__hover_enabled=\"off\" button_letter_spacing__hover_enabled=\"off\" button_one_letter_spacing__hover_enabled=\"off\" button_two_letter_spacing__hover_enabled=\"off\" button_bg_color__hover_enabled=\"off\" button_one_bg_color__hover_enabled=\"off\" button_two_bg_color__hover_enabled=\"off\"][\/et_pb_contact_field][\/et_pb_contact_form][\/et_pb_column][et_pb_column type=\"1_5\" _builder_version=\"4.6.6\" _module_preset=\"default\"][\/et_pb_column][\/et_pb_row][\/et_pb_section]","_et_gb_content_width":"","inline_featured_image":false,"footnotes":""},"class_list":["post-1014","page","type-page","status-publish","hentry"],"yoast_head":"<!-- This site is optimized with the Yoast SEO plugin v24.4 - https:\/\/yoast.com\/wordpress\/plugins\/seo\/ -->\n<title>Contact | Urban Mining Index<\/title>\n<meta name=\"description\" content=\"Der Urban Mining Index verfolgt das Ziel, Baustoffe in m\u00f6glichst geschlossenen Kreisl\u00e4ufen zu f\u00fchren.\" \/>\n<meta name=\"robots\" content=\"index, follow, max-snippet:-1, max-image-preview:large, max-video-preview:-1\" \/>\n<link rel=\"canonical\" href=\"https:\/\/urban-mining-index.de\/en\/contact\/\" \/>\n<meta property=\"og:locale\" content=\"en_US\" \/>\n<meta property=\"og:type\" content=\"article\" \/>\n<meta property=\"og:title\" content=\"Contact | Urban Mining Index\" \/>\n<meta property=\"og:description\" content=\"Der Urban Mining Index verfolgt das Ziel, Baustoffe in m\u00f6glichst geschlossenen Kreisl\u00e4ufen zu f\u00fchren.\" \/>\n<meta property=\"og:url\" content=\"https:\/\/urban-mining-index.de\/en\/contact\/\" \/>\n<meta property=\"og:site_name\" content=\"Urban Mining Index\" \/>\n<meta property=\"article:modified_time\" content=\"2021-04-25T12:22:37+00:00\" \/>\n<meta name=\"twitter:card\" content=\"summary_large_image\" \/>\n<meta name=\"twitter:label1\" content=\"Est. reading time\" \/>\n\t<meta name=\"twitter:data1\" content=\"5 minutes\" \/>\n<script type=\"application\/ld+json\" class=\"yoast-schema-graph\">{\"@context\":\"https:\/\/schema.org\",\"@graph\":[{\"@type\":\"WebPage\",\"@id\":\"https:\/\/urban-mining-index.de\/en\/contact\/\",\"url\":\"https:\/\/urban-mining-index.de\/en\/contact\/\",\"name\":\"Contact | Urban Mining Index\",\"isPartOf\":{\"@id\":\"https:\/\/urban-mining-index.de\/#website\"},\"datePublished\":\"2021-03-10T13:26:32+00:00\",\"dateModified\":\"2021-04-25T12:22:37+00:00\",\"description\":\"Der Urban Mining Index verfolgt das Ziel, Baustoffe in m\u00f6glichst geschlossenen Kreisl\u00e4ufen zu f\u00fchren.\",\"breadcrumb\":{\"@id\":\"https:\/\/urban-mining-index.de\/en\/contact\/#breadcrumb\"},\"inLanguage\":\"en-US\",\"potentialAction\":[{\"@type\":\"ReadAction\",\"target\":[\"https:\/\/urban-mining-index.de\/en\/contact\/\"]}]},{\"@type\":\"BreadcrumbList\",\"@id\":\"https:\/\/urban-mining-index.de\/en\/contact\/#breadcrumb\",\"itemListElement\":[{\"@type\":\"ListItem\",\"position\":1,\"name\":\"Home\",\"item\":\"https:\/\/urban-mining-index.de\/en\/home\/\"},{\"@type\":\"ListItem\",\"position\":2,\"name\":\"Contact\"}]},{\"@type\":\"WebSite\",\"@id\":\"https:\/\/urban-mining-index.de\/#website\",\"url\":\"https:\/\/urban-mining-index.de\/\",\"name\":\"Urban Mining Index\",\"description\":\"\",\"publisher\":{\"@id\":\"https:\/\/urban-mining-index.de\/#organization\"},\"potentialAction\":[{\"@type\":\"SearchAction\",\"target\":{\"@type\":\"EntryPoint\",\"urlTemplate\":\"https:\/\/urban-mining-index.de\/?s={search_term_string}\"},\"query-input\":{\"@type\":\"PropertyValueSpecification\",\"valueRequired\":true,\"valueName\":\"search_term_string\"}}],\"inLanguage\":\"en-US\"},{\"@type\":\"Organization\",\"@id\":\"https:\/\/urban-mining-index.de\/#organization\",\"name\":\"Urban Mining Index\",\"url\":\"https:\/\/urban-mining-index.de\/\",\"logo\":{\"@type\":\"ImageObject\",\"inLanguage\":\"en-US\",\"@id\":\"https:\/\/urban-mining-index.de\/#\/schema\/logo\/image\/\",\"url\":\"https:\/\/urban-mining-index.de\/wp-content\/uploads\/2020\/10\/Urban-Mining-Index_Logo.png\",\"contentUrl\":\"https:\/\/urban-mining-index.de\/wp-content\/uploads\/2020\/10\/Urban-Mining-Index_Logo.png\",\"width\":2480,\"height\":1313,\"caption\":\"Urban Mining Index\"},\"image\":{\"@id\":\"https:\/\/urban-mining-index.de\/#\/schema\/logo\/image\/\"}}]}<\/script>\n<!-- \/ Yoast SEO plugin. -->","yoast_head_json":{"title":"Contact | Urban Mining Index","description":"Der Urban Mining Index verfolgt das Ziel, Baustoffe in m\u00f6glichst geschlossenen Kreisl\u00e4ufen zu f\u00fchren.","robots":{"index":"index","follow":"follow","max-snippet":"max-snippet:-1","max-image-preview":"max-image-preview:large","max-video-preview":"max-video-preview:-1"},"canonical":"https:\/\/urban-mining-index.de\/en\/contact\/","og_locale":"en_US","og_type":"article","og_title":"Contact | Urban Mining Index","og_description":"Der Urban Mining Index verfolgt das Ziel, Baustoffe in m\u00f6glichst geschlossenen Kreisl\u00e4ufen zu f\u00fchren.","og_url":"https:\/\/urban-mining-index.de\/en\/contact\/","og_site_name":"Urban Mining Index","article_modified_time":"2021-04-25T12:22:37+00:00","twitter_card":"summary_large_image","twitter_misc":{"Est. reading time":"5 minutes"},"schema":{"@context":"https:\/\/schema.org","@graph":[{"@type":"WebPage","@id":"https:\/\/urban-mining-index.de\/en\/contact\/","url":"https:\/\/urban-mining-index.de\/en\/contact\/","name":"Contact | Urban Mining Index","isPartOf":{"@id":"https:\/\/urban-mining-index.de\/#website"},"datePublished":"2021-03-10T13:26:32+00:00","dateModified":"2021-04-25T12:22:37+00:00","description":"Der Urban Mining Index verfolgt das Ziel, Baustoffe in m\u00f6glichst geschlossenen Kreisl\u00e4ufen zu f\u00fchren.","breadcrumb":{"@id":"https:\/\/urban-mining-index.de\/en\/contact\/#breadcrumb"},"inLanguage":"en-US","potentialAction":[{"@type":"ReadAction","target":["https:\/\/urban-mining-index.de\/en\/contact\/"]}]},{"@type":"BreadcrumbList","@id":"https:\/\/urban-mining-index.de\/en\/contact\/#breadcrumb","itemListElement":[{"@type":"ListItem","position":1,"name":"Home","item":"https:\/\/urban-mining-index.de\/en\/home\/"},{"@type":"ListItem","position":2,"name":"Contact"}]},{"@type":"WebSite","@id":"https:\/\/urban-mining-index.de\/#website","url":"https:\/\/urban-mining-index.de\/","name":"Urban Mining Index","description":"","publisher":{"@id":"https:\/\/urban-mining-index.de\/#organization"},"potentialAction":[{"@type":"SearchAction","target":{"@type":"EntryPoint","urlTemplate":"https:\/\/urban-mining-index.de\/?s={search_term_string}"},"query-input":{"@type":"PropertyValueSpecification","valueRequired":true,"valueName":"search_term_string"}}],"inLanguage":"en-US"},{"@type":"Organization","@id":"https:\/\/urban-mining-index.de\/#organization","name":"Urban Mining Index","url":"https:\/\/urban-mining-index.de\/","logo":{"@type":"ImageObject","inLanguage":"en-US","@id":"https:\/\/urban-mining-index.de\/#\/schema\/logo\/image\/","url":"https:\/\/urban-mining-index.de\/wp-content\/uploads\/2020\/10\/Urban-Mining-Index_Logo.png","contentUrl":"https:\/\/urban-mining-index.de\/wp-content\/uploads\/2020\/10\/Urban-Mining-Index_Logo.png","width":2480,"height":1313,"caption":"Urban Mining Index"},"image":{"@id":"https:\/\/urban-mining-index.de\/#\/schema\/logo\/image\/"}}]}},"_links":{"self":[{"href":"https:\/\/urban-mining-index.de\/en\/wp-json\/wp\/v2\/pages\/1014","targetHints":{"allow":["GET"]}}],"collection":[{"href":"https:\/\/urban-mining-index.de\/en\/wp-json\/wp\/v2\/pages"}],"about":[{"href":"https:\/\/urban-mining-index.de\/en\/wp-json\/wp\/v2\/types\/page"}],"author":[{"embeddable":true,"href":"https:\/\/urban-mining-index.de\/en\/wp-json\/wp\/v2\/users\/1"}],"replies":[{"embeddable":true,"href":"https:\/\/urban-mining-index.de\/en\/wp-json\/wp\/v2\/comments?post=1014"}],"version-history":[{"count":7,"href":"https:\/\/urban-mining-index.de\/en\/wp-json\/wp\/v2\/pages\/1014\/revisions"}],"predecessor-version":[{"id":1197,"href":"https:\/\/urban-mining-index.de\/en\/wp-json\/wp\/v2\/pages\/1014\/revisions\/1197"}],"wp:attachment":[{"href":"https:\/\/urban-mining-index.de\/en\/wp-json\/wp\/v2\/media?parent=1014"}],"curies":[{"name":"wp","href":"https:\/\/api.w.org\/{rel}","templated":true}]}}