{"id":1008,"date":"2021-03-10T13:22:54","date_gmt":"2021-03-10T13:22:54","guid":{"rendered":"https:\/\/urban-mining-index.de\/?page_id=1008"},"modified":"2021-04-25T12:23:21","modified_gmt":"2021-04-25T12:23:21","slug":"imprint","status":"publish","type":"page","link":"https:\/\/urban-mining-index.de\/en\/imprint\/","title":{"rendered":"Imprint"},"content":{"rendered":"<p>[et_pb_section fb_built=&#8221;1&#8243; _builder_version=&#8221;4.6.6&#8243; _module_preset=&#8221;default&#8221; background_image=&#8221;https:\/\/urban-mining-index.de\/wp-content\/uploads\/2020\/11\/Urban-Mining-Index_Stadt.jpg&#8221; parallax=&#8221;on&#8221; custom_padding=&#8221;250px||150px||false|false&#8221; collapsed=&#8221;off&#8221;][et_pb_row _builder_version=&#8221;4.6.6&#8243; _module_preset=&#8221;default&#8221; collapsed=&#8221;off&#8221;][et_pb_column type=&#8221;4_4&#8243; _builder_version=&#8221;4.6.6&#8243; _module_preset=&#8221;default&#8221;][et_pb_text admin_label=&#8221;H1&#8243; _builder_version=&#8221;4.7.2&#8243; _module_preset=&#8221;default&#8221; header_text_align=&#8221;center&#8221; header_text_color=&#8221;#ffffff&#8221; max_width=&#8221;900px&#8221; module_alignment=&#8221;center&#8221;]<\/p>\n<h1>Imprint<\/h1>\n<p>[\/et_pb_text][et_pb_text admin_label=&#8221;H3&#8243; _builder_version=&#8221;4.7.2&#8243; _module_preset=&#8221;default&#8221; header_3_text_align=&#8221;center&#8221; header_3_text_color=&#8221;#ffffff&#8221; max_width=&#8221;800px&#8221; module_alignment=&#8221;center&#8221; hover_enabled=&#8221;0&#8243; sticky_enabled=&#8221;0&#8243;]<\/p>\n<h3>Information according to \u00a7 5 TMG<\/h3>\n<p>[\/et_pb_text][\/et_pb_column][\/et_pb_row][\/et_pb_section][et_pb_section fb_built=&#8221;1&#8243; _builder_version=&#8221;4.6.6&#8243; _module_preset=&#8221;default&#8221;][et_pb_row column_structure=&#8221;1_5,3_5,1_5&#8243; _builder_version=&#8221;4.6.6&#8243; _module_preset=&#8221;default&#8221;][et_pb_column type=&#8221;1_5&#8243; _builder_version=&#8221;4.6.6&#8243; _module_preset=&#8221;default&#8221;][\/et_pb_column][et_pb_column type=&#8221;3_5&#8243; _builder_version=&#8221;4.6.6&#8243; _module_preset=&#8221;default&#8221;][et_pb_divider show_divider=&#8221;off&#8221; _builder_version=&#8221;4.6.6&#8243; _module_preset=&#8221;default&#8221; height=&#8221;70px&#8221;][\/et_pb_divider][et_pb_text _builder_version=&#8221;4.7.2&#8243; _module_preset=&#8221;default&#8221; header_2_text_align=&#8221;left&#8221; header_2_font_size=&#8221;24px&#8221; hover_enabled=&#8221;0&#8243; sticky_enabled=&#8221;0&#8243;]<\/p>\n<h3>Contact<\/h3>\n<p>Dr. Anja Rosen<br \/>Breite Stra\u00dfe 48<br \/>48231 Warendorf<\/p>\n<p>Phone: 02581 634882<br \/>E-Mail: info(at)urban-mining-index.de<\/p>\n<h3>Liability for Contents<\/h3>\n<p>As service providers, we are liable for own contents of these websites according to Paragraph 7, Sect. 1 German Telemedia Act (TMG). However, according to Paragraphs 8 to 10 German Telemedia Act (TMG), service providers are not obligated to permanently monitor submitted or stored information or to search for evidences that indicate illegal activities.<\/p>\n<p>Legal obligations to removing information or to blocking the use of information remain unchallenged. In this case, liability is only possible at the time of knowledge about a specific violation of law. Illegal contents will be removed immediately at the time we get knowledge of them.<\/p>\n<h3>Liability for Links<\/h3>\n<p>Our offer includes links to external third-party websites. We have no influence on the contents of those websites, therefore we cannot guarantee for those contents. Providers or administrators of linked websites are always responsible for their own contents.<\/p>\n<p>The linked websites had been checked for possible violations of law at the time of the establishment of the link. Illegal contents were not detected at the time of the linking. A permanent monitoring of the contents of linked websites cannot be imposed without reasonable indications that there has been a violation of law. Illegal links will be removed immediately at the time we get knowledge of them.<\/p>\n<h3>Copyright<\/h3>\n<p>Contents and compilations published on these websites by the providers are subject to German copyright laws. Reproduction, editing, distribution as well as the use of any kind outside the scope of the copyright law require a written permission of the author or originator. Downloads and copies of these websites are permitted for private use only.<br \/>The commercial use of our contents without permission of the originator is prohibited.<\/p>\n<p>Copyright laws of third parties are respected as long as the contents on these websites do not originate from the provider. Contributions of third parties on this site are indicated as such. However, if you notice any violations of copyright law, please inform us. Such contents will be removed immediately.<\/p>\n<p>[\/et_pb_text][et_pb_divider show_divider=&#8221;off&#8221; _builder_version=&#8221;4.6.6&#8243; _module_preset=&#8221;default&#8221; height=&#8221;70px&#8221;][\/et_pb_divider][\/et_pb_column][et_pb_column type=&#8221;1_5&#8243; _builder_version=&#8221;4.6.6&#8243; _module_preset=&#8221;default&#8221;][\/et_pb_column][\/et_pb_row][\/et_pb_section]<\/p>\n","protected":false},"excerpt":{"rendered":"<p>ImprintInformation according to \u00a7 5 TMGContact Dr. Anja RosenBreite Stra\u00dfe 4848231 Warendorf Phone: 02581 634882E-Mail: info(at)urban-mining-index.de Liability for Contents As service providers, we are liable for own contents of these websites according to Paragraph 7, Sect. 1 German Telemedia Act (TMG). However, according to Paragraphs 8 to 10 German Telemedia Act (TMG), service providers are [&hellip;]<\/p>\n","protected":false},"author":1,"featured_media":0,"parent":0,"menu_order":0,"comment_status":"closed","ping_status":"closed","template":"","meta":{"_et_pb_use_builder":"on","_et_pb_old_content":"[et_pb_section fb_built=\"1\" _builder_version=\"4.6.6\" _module_preset=\"default\" background_image=\"https:\/\/urban-mining-index.de\/wp-content\/uploads\/2020\/11\/Urban-Mining-Index_Stadt.jpg\" parallax=\"on\" custom_padding=\"250px||150px||false|false\"][et_pb_row _builder_version=\"4.6.6\" _module_preset=\"default\"][et_pb_column type=\"4_4\" _builder_version=\"4.6.6\" _module_preset=\"default\"][et_pb_text admin_label=\"H1\" _builder_version=\"4.6.6\" _module_preset=\"default\" header_text_align=\"center\" header_text_color=\"#ffffff\" max_width=\"900px\" module_alignment=\"center\"]<h1>Impressum<\/h1>[\/et_pb_text][et_pb_text admin_label=\"H3\" _builder_version=\"4.6.6\" _module_preset=\"default\" header_3_text_align=\"center\" header_3_text_color=\"#ffffff\" max_width=\"800px\" module_alignment=\"center\"]<h3>Angaben gem\u00e4\u00df \u00a7 5 TMG<\/h3>[\/et_pb_text][\/et_pb_column][\/et_pb_row][\/et_pb_section][et_pb_section fb_built=\"1\" _builder_version=\"4.6.6\" _module_preset=\"default\"][et_pb_row column_structure=\"1_5,3_5,1_5\" _builder_version=\"4.6.6\" _module_preset=\"default\"][et_pb_column type=\"1_5\" _builder_version=\"4.6.6\" _module_preset=\"default\"][\/et_pb_column][et_pb_column type=\"3_5\" _builder_version=\"4.6.6\" _module_preset=\"default\"][et_pb_divider show_divider=\"off\" _builder_version=\"4.6.6\" _module_preset=\"default\" height=\"70px\"][\/et_pb_divider][et_pb_text _builder_version=\"4.7.2\" _module_preset=\"default\" header_2_text_align=\"left\" header_2_font_size=\"24px\" hover_enabled=\"0\" sticky_enabled=\"0\"]<h3>Kontakt<\/h3>\r\nUrban Mining Index\r\nAnja Rosen\r\nBreite Stra\u00dfe 48\r\n48231 Warendorf\r\n\r\nTelefon: 02581 634882\r\nE-Mail: info(at)urbanminingindex.de\r\n<h3>Haftung f\u00fcr Inhalte<\/h3>\r\nAls Diensteanbieter sind wir gem\u00e4\u00df \u00a7 7 Abs.1 TMG f\u00fcr eigene Inhalte auf diesen Seiten nach den allgemeinen Gesetzen verantwortlich. Nach \u00a7\u00a7 8 bis 10 TMG sind wir als Diensteanbieter jedoch nicht verpflichtet, \u00fcbermittelte oder gespeicherte fremde Informationen zu \u00fcberwachen oder nach Umst\u00e4nden zu forschen, die auf eine rechtswidrige T\u00e4tigkeit hinweisen.\r\n\r\nVerpflichtungen zur Entfernung oder Sperrung der Nutzung von Informationen nach den allgemeinen Gesetzen bleiben hiervon unber\u00fchrt. Eine diesbez\u00fcgliche Haftung ist jedoch erst ab dem Zeitpunkt der Kenntnis einer konkreten Rechtsverletzung m\u00f6glich. Bei Bekanntwerden von entsprechenden Rechtsverletzungen werden wir diese Inhalte umgehend entfernen.\r\n<h3>Haftung f\u00fcr Links<\/h3>\r\nUnser Angebot enth\u00e4lt Links zu externen Websites Dritter, auf deren Inhalte wir keinen Einfluss haben. Deshalb k\u00f6nnen wir f\u00fcr diese fremden Inhalte auch keine Gew\u00e4hr \u00fcbernehmen. F\u00fcr die Inhalte der verlinkten Seiten ist stets der jeweilige Anbieter oder Betreiber der Seiten verantwortlich. Die verlinkten Seiten wurden zum Zeitpunkt der Verlinkung auf m\u00f6gliche Rechtsverst\u00f6\u00dfe \u00fcberpr\u00fcft. Rechtswidrige Inhalte waren zum Zeitpunkt der Verlinkung nicht erkennbar.\r\n\r\nEine permanente inhaltliche Kontrolle der verlinkten Seiten ist jedoch ohne konkrete Anhaltspunkte einer Rechtsverletzung nicht zumutbar. Bei Bekanntwerden von Rechtsverletzungen werden wir derartige Links umgehend entfernen.\r\n<h3>Urheberrecht<\/h3>\r\nDie durch die Seitenbetreiber erstellten Inhalte und Werke auf diesen Seiten unterliegen dem deutschen Urheberrecht. Die Vervielf\u00e4ltigung, Bearbeitung, Verbreitung und jede Art der Verwertung au\u00dferhalb der Grenzen des Urheberrechtes bed\u00fcrfen der schriftlichen Zustimmung des jeweiligen Autors bzw. Erstellers. Downloads und Kopien dieser Seite sind nur f\u00fcr den privaten, nicht kommerziellen Gebrauch gestattet.\r\n\r\nSoweit die Inhalte auf dieser Seite nicht vom Betreiber erstellt wurden, werden die Urheberrechte Dritter beachtet. Insbesondere werden Inhalte Dritter als solche gekennzeichnet. Sollten Sie trotzdem auf eine Urheberrechtsverletzung aufmerksam werden, bitten wir um einen entsprechenden Hinweis. Bei Bekanntwerden von Rechtsverletzungen werden wir derartige Inhalte umgehend entfernen.[\/et_pb_text][et_pb_divider show_divider=\"off\" _builder_version=\"4.6.6\" _module_preset=\"default\" height=\"70px\"][\/et_pb_divider][\/et_pb_column][et_pb_column type=\"1_5\" _builder_version=\"4.6.6\" _module_preset=\"default\"][\/et_pb_column][\/et_pb_row][\/et_pb_section]","_et_gb_content_width":"","inline_featured_image":false,"footnotes":""},"class_list":["post-1008","page","type-page","status-publish","hentry"],"yoast_head":"<!-- This site is optimized with the Yoast SEO plugin v24.4 - https:\/\/yoast.com\/wordpress\/plugins\/seo\/ -->\n<title>Imprint | Urban Mining Index<\/title>\n<meta name=\"description\" content=\"Der Urban Mining Index verfolgt das Ziel, Baustoffe in m\u00f6glichst geschlossenen Kreisl\u00e4ufen zu f\u00fchren.\" \/>\n<meta name=\"robots\" content=\"index, follow, max-snippet:-1, max-image-preview:large, max-video-preview:-1\" \/>\n<link rel=\"canonical\" href=\"https:\/\/urban-mining-index.de\/en\/imprint\/\" \/>\n<meta property=\"og:locale\" content=\"en_US\" \/>\n<meta property=\"og:type\" content=\"article\" \/>\n<meta property=\"og:title\" content=\"Imprint | Urban Mining Index\" \/>\n<meta property=\"og:description\" content=\"Der Urban Mining Index verfolgt das Ziel, Baustoffe in m\u00f6glichst geschlossenen Kreisl\u00e4ufen zu f\u00fchren.\" \/>\n<meta property=\"og:url\" content=\"https:\/\/urban-mining-index.de\/en\/imprint\/\" \/>\n<meta property=\"og:site_name\" content=\"Urban Mining Index\" \/>\n<meta property=\"article:modified_time\" content=\"2021-04-25T12:23:21+00:00\" \/>\n<meta name=\"twitter:card\" content=\"summary_large_image\" \/>\n<meta name=\"twitter:label1\" content=\"Est. reading time\" \/>\n\t<meta name=\"twitter:data1\" content=\"3 minutes\" \/>\n<script type=\"application\/ld+json\" class=\"yoast-schema-graph\">{\"@context\":\"https:\/\/schema.org\",\"@graph\":[{\"@type\":\"WebPage\",\"@id\":\"https:\/\/urban-mining-index.de\/en\/imprint\/\",\"url\":\"https:\/\/urban-mining-index.de\/en\/imprint\/\",\"name\":\"Imprint | Urban Mining Index\",\"isPartOf\":{\"@id\":\"https:\/\/urban-mining-index.de\/#website\"},\"datePublished\":\"2021-03-10T13:22:54+00:00\",\"dateModified\":\"2021-04-25T12:23:21+00:00\",\"description\":\"Der Urban Mining Index verfolgt das Ziel, Baustoffe in m\u00f6glichst geschlossenen Kreisl\u00e4ufen zu f\u00fchren.\",\"breadcrumb\":{\"@id\":\"https:\/\/urban-mining-index.de\/en\/imprint\/#breadcrumb\"},\"inLanguage\":\"en-US\",\"potentialAction\":[{\"@type\":\"ReadAction\",\"target\":[\"https:\/\/urban-mining-index.de\/en\/imprint\/\"]}]},{\"@type\":\"BreadcrumbList\",\"@id\":\"https:\/\/urban-mining-index.de\/en\/imprint\/#breadcrumb\",\"itemListElement\":[{\"@type\":\"ListItem\",\"position\":1,\"name\":\"Home\",\"item\":\"https:\/\/urban-mining-index.de\/en\/home\/\"},{\"@type\":\"ListItem\",\"position\":2,\"name\":\"Imprint\"}]},{\"@type\":\"WebSite\",\"@id\":\"https:\/\/urban-mining-index.de\/#website\",\"url\":\"https:\/\/urban-mining-index.de\/\",\"name\":\"Urban Mining Index\",\"description\":\"\",\"publisher\":{\"@id\":\"https:\/\/urban-mining-index.de\/#organization\"},\"potentialAction\":[{\"@type\":\"SearchAction\",\"target\":{\"@type\":\"EntryPoint\",\"urlTemplate\":\"https:\/\/urban-mining-index.de\/?s={search_term_string}\"},\"query-input\":{\"@type\":\"PropertyValueSpecification\",\"valueRequired\":true,\"valueName\":\"search_term_string\"}}],\"inLanguage\":\"en-US\"},{\"@type\":\"Organization\",\"@id\":\"https:\/\/urban-mining-index.de\/#organization\",\"name\":\"Urban Mining Index\",\"url\":\"https:\/\/urban-mining-index.de\/\",\"logo\":{\"@type\":\"ImageObject\",\"inLanguage\":\"en-US\",\"@id\":\"https:\/\/urban-mining-index.de\/#\/schema\/logo\/image\/\",\"url\":\"https:\/\/urban-mining-index.de\/wp-content\/uploads\/2020\/10\/Urban-Mining-Index_Logo.png\",\"contentUrl\":\"https:\/\/urban-mining-index.de\/wp-content\/uploads\/2020\/10\/Urban-Mining-Index_Logo.png\",\"width\":2480,\"height\":1313,\"caption\":\"Urban Mining Index\"},\"image\":{\"@id\":\"https:\/\/urban-mining-index.de\/#\/schema\/logo\/image\/\"}}]}<\/script>\n<!-- \/ Yoast SEO plugin. -->","yoast_head_json":{"title":"Imprint | Urban Mining Index","description":"Der Urban Mining Index verfolgt das Ziel, Baustoffe in m\u00f6glichst geschlossenen Kreisl\u00e4ufen zu f\u00fchren.","robots":{"index":"index","follow":"follow","max-snippet":"max-snippet:-1","max-image-preview":"max-image-preview:large","max-video-preview":"max-video-preview:-1"},"canonical":"https:\/\/urban-mining-index.de\/en\/imprint\/","og_locale":"en_US","og_type":"article","og_title":"Imprint | Urban Mining Index","og_description":"Der Urban Mining Index verfolgt das Ziel, Baustoffe in m\u00f6glichst geschlossenen Kreisl\u00e4ufen zu f\u00fchren.","og_url":"https:\/\/urban-mining-index.de\/en\/imprint\/","og_site_name":"Urban Mining Index","article_modified_time":"2021-04-25T12:23:21+00:00","twitter_card":"summary_large_image","twitter_misc":{"Est. reading time":"3 minutes"},"schema":{"@context":"https:\/\/schema.org","@graph":[{"@type":"WebPage","@id":"https:\/\/urban-mining-index.de\/en\/imprint\/","url":"https:\/\/urban-mining-index.de\/en\/imprint\/","name":"Imprint | Urban Mining Index","isPartOf":{"@id":"https:\/\/urban-mining-index.de\/#website"},"datePublished":"2021-03-10T13:22:54+00:00","dateModified":"2021-04-25T12:23:21+00:00","description":"Der Urban Mining Index verfolgt das Ziel, Baustoffe in m\u00f6glichst geschlossenen Kreisl\u00e4ufen zu f\u00fchren.","breadcrumb":{"@id":"https:\/\/urban-mining-index.de\/en\/imprint\/#breadcrumb"},"inLanguage":"en-US","potentialAction":[{"@type":"ReadAction","target":["https:\/\/urban-mining-index.de\/en\/imprint\/"]}]},{"@type":"BreadcrumbList","@id":"https:\/\/urban-mining-index.de\/en\/imprint\/#breadcrumb","itemListElement":[{"@type":"ListItem","position":1,"name":"Home","item":"https:\/\/urban-mining-index.de\/en\/home\/"},{"@type":"ListItem","position":2,"name":"Imprint"}]},{"@type":"WebSite","@id":"https:\/\/urban-mining-index.de\/#website","url":"https:\/\/urban-mining-index.de\/","name":"Urban Mining Index","description":"","publisher":{"@id":"https:\/\/urban-mining-index.de\/#organization"},"potentialAction":[{"@type":"SearchAction","target":{"@type":"EntryPoint","urlTemplate":"https:\/\/urban-mining-index.de\/?s={search_term_string}"},"query-input":{"@type":"PropertyValueSpecification","valueRequired":true,"valueName":"search_term_string"}}],"inLanguage":"en-US"},{"@type":"Organization","@id":"https:\/\/urban-mining-index.de\/#organization","name":"Urban Mining Index","url":"https:\/\/urban-mining-index.de\/","logo":{"@type":"ImageObject","inLanguage":"en-US","@id":"https:\/\/urban-mining-index.de\/#\/schema\/logo\/image\/","url":"https:\/\/urban-mining-index.de\/wp-content\/uploads\/2020\/10\/Urban-Mining-Index_Logo.png","contentUrl":"https:\/\/urban-mining-index.de\/wp-content\/uploads\/2020\/10\/Urban-Mining-Index_Logo.png","width":2480,"height":1313,"caption":"Urban Mining Index"},"image":{"@id":"https:\/\/urban-mining-index.de\/#\/schema\/logo\/image\/"}}]}},"_links":{"self":[{"href":"https:\/\/urban-mining-index.de\/en\/wp-json\/wp\/v2\/pages\/1008","targetHints":{"allow":["GET"]}}],"collection":[{"href":"https:\/\/urban-mining-index.de\/en\/wp-json\/wp\/v2\/pages"}],"about":[{"href":"https:\/\/urban-mining-index.de\/en\/wp-json\/wp\/v2\/types\/page"}],"author":[{"embeddable":true,"href":"https:\/\/urban-mining-index.de\/en\/wp-json\/wp\/v2\/users\/1"}],"replies":[{"embeddable":true,"href":"https:\/\/urban-mining-index.de\/en\/wp-json\/wp\/v2\/comments?post=1008"}],"version-history":[{"count":9,"href":"https:\/\/urban-mining-index.de\/en\/wp-json\/wp\/v2\/pages\/1008\/revisions"}],"predecessor-version":[{"id":1198,"href":"https:\/\/urban-mining-index.de\/en\/wp-json\/wp\/v2\/pages\/1008\/revisions\/1198"}],"wp:attachment":[{"href":"https:\/\/urban-mining-index.de\/en\/wp-json\/wp\/v2\/media?parent=1008"}],"curies":[{"name":"wp","href":"https:\/\/api.w.org\/{rel}","templated":true}]}}